{"id":6295,"date":"2022-03-17T10:56:08","date_gmt":"2022-03-17T10:56:08","guid":{"rendered":"https:\/\/www.witsrl.com\/prodotto\/hydra-bi-mix\/"},"modified":"2023-10-12T13:15:58","modified_gmt":"2023-10-12T13:15:58","slug":"hydra-bi-mix","status":"publish","type":"product","link":"https:\/\/www.witsrl.com\/en\/prodotto\/hydra-bi-mix\/","title":{"rendered":"HYDRA BI-MIX"},"content":{"rendered":"<div class=\"wpb-content-wrapper\"><p>[vc_row][vc_column][vc_column_text uncode_shortcode_id=&#8221;424510&#8243;]<\/p>\n<h2>Features<\/h2>\n<p>HYDRA BI-MIX is an electric airless hydraulic 2-component piston pump, 1:1 ratio. It has been designed for injecting all kind of 2-component products in building and water-proofing applications. La semplicit\u00e0 di regolazione della pressione permette di iniettare da basse ad alte pressioni senza alcun problema.<\/p>\n<h2>Applications<\/h2>\n<p>Arcylate gels, 2k resins, most of 2k coatings with mixing ratio 1:1<\/p>\n<h2>Application&#8217;s fields<\/h2>\n<p>Injection \u2022 Waterproofing \u2022 Sealing \u2022 Water stopping \u2022 Infiltrations \u2022 Crack walls[\/vc_column_text][vc_column_text uncode_shortcode_id=&#8221;194547&#8243;]<\/p>\n<h2>Injection accessories<\/h2>\n<div class=\"product-table-accessori\">\n<div class=\"single-accessorio\"><img decoding=\"async\" class=\"alignnone wp-image-739\" src=\"https:\/\/www.witsrl.com\/wp-content\/uploads\/2022\/03\/RESINE-scaled.jpg\" width=\"200\" height=\"200\" loading=\"lazy\" \/> <strong>063153<\/strong> &#8211; flexible resin suction system kit, stainless steel (2x)<\/div>\n<div class=\"single-accessorio\"><img decoding=\"async\" class=\"alignnone wp-image-706\" src=\"https:\/\/www.witsrl.com\/wp-content\/uploads\/2023\/06\/Kit-tubo-alta-pressione-o-6-mm.jpg\" width=\"200\" height=\"200\" loading=\"lazy\" \/> <strong>060020<\/strong> &#8211; high pressure hose kit \u00f8 6 mm, length 10 m (2x)<\/div>\n<div class=\"single-accessorio\"><img decoding=\"async\" class=\"alignnone wp-image-740\" src=\"https:\/\/www.witsrl.com\/wp-content\/uploads\/2022\/03\/gruppo-iniettore-2-vie-twin.jpg\" width=\"200\" height=\"201\" loading=\"lazy\" \/> <strong>066560<\/strong> &#8211; 2 ways twin injector kit<\/div>\n<div class=\"single-accessorio\"><img decoding=\"async\" class=\"alignnone wp-image-741\" src=\"https:\/\/www.witsrl.com\/wp-content\/uploads\/2022\/03\/gruppo-iniettore-2-vie-w-mixer-tjpg.jpg\" width=\"200\" height=\"201\" loading=\"lazy\" \/> <strong>066562<\/strong> &#8211; 2 ways w mixer t injector kit<\/div>\n<div class=\"single-accessorio\"><img decoding=\"async\" class=\"alignnone wp-image-744\" src=\"https:\/\/www.witsrl.com\/wp-content\/uploads\/2022\/03\/gruppo-iniettore-3-vie.jpg\" width=\"200\" height=\"200\" loading=\"lazy\" \/> <strong>066555<\/strong> &#8211; 3-way injector unit<\/div>\n<div class=\"single-accessorio\"><img decoding=\"async\" class=\"alignnone wp-image-742\" src=\"https:\/\/www.witsrl.com\/wp-content\/uploads\/2022\/03\/miscelatore-statico-13-32-confezione-10-pezzi.jpg\" width=\"200\" height=\"200\" loading=\"lazy\" \/> <strong>066551<\/strong> &#8211; static mixer 13\/32 (pack 10 pieces)<\/div>\n<div class=\"single-accessorio\"><img decoding=\"async\" class=\"alignnone wp-image-743\" src=\"https:\/\/www.witsrl.com\/wp-content\/uploads\/2022\/03\/kit-raccordo-con-manometro-oleodinamico.jpg\" width=\"200\" height=\"200\" loading=\"lazy\" \/> <strong>066002<\/strong> &#8211; connection kit with hydraulic pressure gauge<\/div>\n<div class=\"single-accessorio\"><img decoding=\"async\" class=\"alignnone wp-image-702\" src=\"https:\/\/www.witsrl.com\/wp-content\/uploads\/2022\/03\/kit-serbatoio-a-gravita-6-l.-2x-.jpg\" width=\"200\" height=\"200\" loading=\"lazy\" \/> <strong>003850<\/strong> &#8211; gravity tank kit 6 l. (2x )<\/div>\n<div class=\"single-accessorio\"><img decoding=\"async\" class=\"alignnone wp-image-1046\" src=\"https:\/\/www.witsrl.com\/wp-content\/uploads\/2022\/03\/kit-serbatoio-inox-25-l-completo-di-coperchio-e-filtro-2x.jpg\" width=\"200\" height=\"200\" loading=\"lazy\" \/> <strong>0152500 <\/strong>&#8211; 25 l stainless steel tank kit, complete with lid and filter (2x)<\/div>\n<\/div>\n<p>[\/vc_column_text][vc_column_text uncode_shortcode_id=&#8221;115154&#8243;]<\/p>\n<h2>HYDRA series<\/h2>\n<p>HYDRA series are new electric airless hydraulic piston pumps, high power, designed for spraying and injecting with no compromise all products used in building, mechanics, woodworkings, and carpentry. These really are very strong and reliable pumps . Sono apparecchiature che rappresentano il massimo in fatto di qualit\u00e0, prestazioni, robustezza ed affidabilit\u00e0.<\/p>\n<h2>Technical overview<\/h2>\n<p>[\/vc_column_text][vc_row_inner][vc_column_inner width=&#8221;1\/2&#8243;][vc_column_text uncode_shortcode_id=&#8221;107351&#8243;]<strong>AIRLESS PROCESS<\/strong><br \/>\nA piston pump takes in the coating material by suction and conveys it to the tip. Pressed through the tip at a pressure of up to a maximum of 3300 PSI (228 bar, 22.8 MPa), the coating material is atomised. This high pressure has the effect of micro fine atomization of the coating material. As no air is used in this process, it is described as an AIRLESS process. This method of spraying has the advantages of finest atomization, cloudless operation and a smooth, bubble-free surface. As well as these, the advantages of the speed of work and convenience must be mentioned.[\/vc_column_text][vc_column_text uncode_shortcode_id=&#8221;899914&#8243;]<strong>APPLICATION<\/strong><br \/>\nThe main area of application are thick layers of highly viscous coating material for large areas and a high consumption of material. Priming and final coating of large areas, sealing, impregnation, construction sanitation, fa\u00e7ade protection and renovation, rust protection and building protection, roof coating, roof sealing, concrete sanitation, as well as heavy corrosion protection. Primer e rivestimento finale di grandi superfici, impermeabilizzazione, impregnazione, risanamento di edifici, protezione e rinnovamento della facciata, protezione dalla ruggine e protezione degli edifici, rivestimento del tetto, impermeabilizzazione del tetto, risanamento del calcestruzzo e protezione dalla corrosione.[\/vc_column_text][vc_column_text uncode_shortcode_id=&#8221;239433&#8243;]<strong>COATING MATERIALS WITH ABRASIVE MATERIALS<\/strong><br \/>\nThese particles have a strong wear and tear effect on valves and tips, but also on the spray gun. This impairs the durability of these wearing parts considerably. Ci\u00f2 compromette la durata di queste parti che dovranno essere sostituite pi\u00f9 frequentemente.[\/vc_column_text][vc_column_text uncode_shortcode_id=&#8221;174397&#8243;]<strong>FILTERING<\/strong><br \/>\nSufficient filtering is required for fault-free operation. The unit is equipped with a suction filter, an insertion filter in the spray gun and a high pressure filter on the unit. Regular inspection of these filters for damage or soiling is urgently recommended. L&#8217;unit\u00e0 \u00e8 dotata di un filtro di aspirazione, un filtro nello pistola e un filtro ad alta pressione sull&#8217;unit\u00e0. Si raccomanda l&#8217;ispezione regolare di questi filtri per prevenire danni o sporco.[\/vc_column_text][\/vc_column_inner][vc_column_inner width=&#8221;1\/2&#8243;][vc_column_text uncode_shortcode_id=&#8221;184493&#8243;]<strong>FUNCTIONING OF THE UNIT<\/strong><br \/>\nW.I.T. HYDRA Series are high-pressure spraying units driven by either a gasoline engine or electric motor. The gasoline engine or electric motor drives the hydraulic pump by means of a V-belt which is under the belt cover. Hydraulic oil flows to the hydraulic motor and then moves the piston up and down in the material feed pump. The inlet valve is opened automatically by the upwards movement of the piston. The outlet valve is opened when the piston moves downward. The coating material flows under high pressure through the high-pressure hose to the spray gun. When the coating material exits from the tip it atomizes. The pressure control valve controls the volume and the operating pressure of the coating material.[\/vc_column_text][vc_column_text uncode_shortcode_id=&#8221;142711&#8243;]<strong>VISCOSITY<\/strong><br \/>\nThe unit is able to process coating materials with up to 50.000 \/ 65.000 mPas. If highly viscous coating materials cannot be taken in or the performance of the unit is to low, the paint must be diluted in accordance with the manufacturer\u2018s instructions. Attention: Make sure, when stirring up with motor-driven agitators that no air bubbles are stirred in. Air bubbles disturb when spraying and can, in fact, lead to interruption of operation.[\/vc_column_text][vc_column_text uncode_shortcode_id=&#8221;208623&#8243;]<strong>TWO-COMPONENT COATING MATERIAL<\/strong><br \/>\nThe appropriate processing time must be adhered to exactly. Within this time rinse through and clean the unit meticulously with the appropriate cleaning agents. Entro questo tempo risciacquare e pulire l&#8217;unit\u00e0 meticolosamente con i detergenti appropriati.[\/vc_column_text][\/vc_column_inner][\/vc_row_inner][\/vc_column][\/vc_row]<\/p>\n<\/div>","protected":false},"excerpt":{"rendered":"<p>[vc_row][vc_column][vc_column_text uncode_shortcode_id=&#8221;424510&#8243;] Features HYDRA BI-MIX is an electric airless hydraulic 2-component piston pump, 1:1 ratio. It has been designed for [&hellip;]<\/p>\n","protected":false},"featured_media":5097,"comment_status":"closed","ping_status":"closed","template":"","meta":{"_acf_changed":false},"product_brand":[],"product_cat":[81,82],"product_tag":[],"class_list":{"0":"post-6295","1":"product","2":"type-product","3":"status-publish","4":"has-post-thumbnail","6":"product_cat-building-pumps","7":"product_cat-hydraulic-piston-airless-pumps","9":"first","10":"instock","11":"purchasable","12":"product-type-simple"},"acf":[],"yoast_head":"<!-- This site is optimized with the Yoast SEO plugin v27.3 - https:\/\/yoast.com\/product\/yoast-seo-wordpress\/ -->\n<title>HYDRA BI-MIX - W.I.T. srl<\/title>\n<meta name=\"description\" content=\"HYDRA BI-MIX: electric airless piston pump for bi-component products in waterproofing and structural strengthening in building renovations, ratio 1.1.\" \/>\n<meta name=\"robots\" content=\"index, follow, max-snippet:-1, max-image-preview:large, max-video-preview:-1\" \/>\n<link rel=\"canonical\" href=\"https:\/\/www.witsrl.com\/en\/prodotto\/hydra-bi-mix-3\/\" \/>\n<meta property=\"og:locale\" content=\"en_US\" \/>\n<meta property=\"og:type\" content=\"article\" \/>\n<meta property=\"og:title\" content=\"HYDRA BI-MIX - W.I.T. srl\" \/>\n<meta property=\"og:description\" content=\"HYDRA BI-MIX: electric airless piston pump for bi-component products in waterproofing and structural strengthening in building renovations, ratio 1.1.\" \/>\n<meta property=\"og:url\" content=\"https:\/\/www.witsrl.com\/prodotto\/hydra-bi-mix-3\/\" \/>\n<meta property=\"og:site_name\" content=\"W.I.T. srl\" \/>\n<meta property=\"article:modified_time\" content=\"2023-10-12T13:15:58+00:00\" \/>\n<meta property=\"og:image\" content=\"https:\/\/www.witsrl.com\/wp-content\/uploads\/2023\/06\/IMG_9181.jpg\" \/>\n\t<meta property=\"og:image:width\" content=\"1156\" \/>\n\t<meta property=\"og:image:height\" content=\"1538\" \/>\n\t<meta property=\"og:image:type\" content=\"image\/jpeg\" \/>\n<meta name=\"twitter:card\" content=\"summary_large_image\" \/>\n<meta name=\"twitter:label1\" content=\"Est. reading time\" \/>\n\t<meta name=\"twitter:data1\" content=\"6 minutes\" \/>\n<script type=\"application\/ld+json\" class=\"yoast-schema-graph\">{\"@context\":\"https:\\\/\\\/schema.org\",\"@graph\":[{\"@type\":\"WebPage\",\"@id\":\"https:\\\/\\\/www.witsrl.com\\\/en\\\/prodotto\\\/hydra-bi-mix\\\/\",\"url\":\"https:\\\/\\\/www.witsrl.com\\\/prodotto\\\/hydra-bi-mix-3\\\/\",\"name\":\"HYDRA BI-MIX - W.I.T. srl\",\"isPartOf\":{\"@id\":\"https:\\\/\\\/www.witsrl.com\\\/en\\\/#website\"},\"primaryImageOfPage\":{\"@id\":\"https:\\\/\\\/www.witsrl.com\\\/prodotto\\\/hydra-bi-mix-3\\\/#primaryimage\"},\"image\":{\"@id\":\"https:\\\/\\\/www.witsrl.com\\\/prodotto\\\/hydra-bi-mix-3\\\/#primaryimage\"},\"thumbnailUrl\":\"https:\\\/\\\/www.witsrl.com\\\/wp-content\\\/uploads\\\/2023\\\/06\\\/IMG_9181.jpg\",\"datePublished\":\"2022-03-17T10:56:08+00:00\",\"dateModified\":\"2023-10-12T13:15:58+00:00\",\"description\":\"HYDRA BI-MIX: electric airless piston pump for bi-component products in waterproofing and structural strengthening in building renovations, ratio 1.1.\",\"breadcrumb\":{\"@id\":\"https:\\\/\\\/www.witsrl.com\\\/prodotto\\\/hydra-bi-mix-3\\\/#breadcrumb\"},\"inLanguage\":\"en-US\",\"potentialAction\":[{\"@type\":\"ReadAction\",\"target\":[\"https:\\\/\\\/www.witsrl.com\\\/prodotto\\\/hydra-bi-mix-3\\\/\"]}]},{\"@type\":\"ImageObject\",\"inLanguage\":\"en-US\",\"@id\":\"https:\\\/\\\/www.witsrl.com\\\/prodotto\\\/hydra-bi-mix-3\\\/#primaryimage\",\"url\":\"https:\\\/\\\/www.witsrl.com\\\/wp-content\\\/uploads\\\/2023\\\/06\\\/IMG_9181.jpg\",\"contentUrl\":\"https:\\\/\\\/www.witsrl.com\\\/wp-content\\\/uploads\\\/2023\\\/06\\\/IMG_9181.jpg\",\"width\":1156,\"height\":1538,\"caption\":\"HYDRA TURBO BI-MIX\"},{\"@type\":\"BreadcrumbList\",\"@id\":\"https:\\\/\\\/www.witsrl.com\\\/prodotto\\\/hydra-bi-mix-3\\\/#breadcrumb\",\"itemListElement\":[{\"@type\":\"ListItem\",\"position\":1,\"name\":\"Home\",\"item\":\"https:\\\/\\\/www.witsrl.com\\\/en\\\/airless-painting-airless-sprayers-and-advanced-painting-systems\\\/\"},{\"@type\":\"ListItem\",\"position\":2,\"name\":\"Shop\",\"item\":\"https:\\\/\\\/www.witsrl.com\\\/en\\\/shop-2\\\/\"},{\"@type\":\"ListItem\",\"position\":3,\"name\":\"HYDRA BI-MIX\"}]},{\"@type\":\"WebSite\",\"@id\":\"https:\\\/\\\/www.witsrl.com\\\/en\\\/#website\",\"url\":\"https:\\\/\\\/www.witsrl.com\\\/en\\\/\",\"name\":\"W.I.T. srl\",\"description\":\"Verniciatura Airless\",\"potentialAction\":[{\"@type\":\"SearchAction\",\"target\":{\"@type\":\"EntryPoint\",\"urlTemplate\":\"https:\\\/\\\/www.witsrl.com\\\/en\\\/?s={search_term_string}\"},\"query-input\":{\"@type\":\"PropertyValueSpecification\",\"valueRequired\":true,\"valueName\":\"search_term_string\"}}],\"inLanguage\":\"en-US\"}]}<\/script>\n<!-- \/ Yoast SEO plugin. -->","yoast_head_json":{"title":"HYDRA BI-MIX - W.I.T. srl","description":"HYDRA BI-MIX: electric airless piston pump for bi-component products in waterproofing and structural strengthening in building renovations, ratio 1.1.","robots":{"index":"index","follow":"follow","max-snippet":"max-snippet:-1","max-image-preview":"max-image-preview:large","max-video-preview":"max-video-preview:-1"},"canonical":"https:\/\/www.witsrl.com\/en\/prodotto\/hydra-bi-mix-3\/","og_locale":"en_US","og_type":"article","og_title":"HYDRA BI-MIX - W.I.T. srl","og_description":"HYDRA BI-MIX: electric airless piston pump for bi-component products in waterproofing and structural strengthening in building renovations, ratio 1.1.","og_url":"https:\/\/www.witsrl.com\/prodotto\/hydra-bi-mix-3\/","og_site_name":"W.I.T. srl","article_modified_time":"2023-10-12T13:15:58+00:00","og_image":[{"width":1156,"height":1538,"url":"https:\/\/www.witsrl.com\/wp-content\/uploads\/2023\/06\/IMG_9181.jpg","type":"image\/jpeg"}],"twitter_card":"summary_large_image","twitter_misc":{"Est. reading time":"6 minutes"},"schema":{"@context":"https:\/\/schema.org","@graph":[{"@type":"WebPage","@id":"https:\/\/www.witsrl.com\/en\/prodotto\/hydra-bi-mix\/","url":"https:\/\/www.witsrl.com\/prodotto\/hydra-bi-mix-3\/","name":"HYDRA BI-MIX - W.I.T. srl","isPartOf":{"@id":"https:\/\/www.witsrl.com\/en\/#website"},"primaryImageOfPage":{"@id":"https:\/\/www.witsrl.com\/prodotto\/hydra-bi-mix-3\/#primaryimage"},"image":{"@id":"https:\/\/www.witsrl.com\/prodotto\/hydra-bi-mix-3\/#primaryimage"},"thumbnailUrl":"https:\/\/www.witsrl.com\/wp-content\/uploads\/2023\/06\/IMG_9181.jpg","datePublished":"2022-03-17T10:56:08+00:00","dateModified":"2023-10-12T13:15:58+00:00","description":"HYDRA BI-MIX: electric airless piston pump for bi-component products in waterproofing and structural strengthening in building renovations, ratio 1.1.","breadcrumb":{"@id":"https:\/\/www.witsrl.com\/prodotto\/hydra-bi-mix-3\/#breadcrumb"},"inLanguage":"en-US","potentialAction":[{"@type":"ReadAction","target":["https:\/\/www.witsrl.com\/prodotto\/hydra-bi-mix-3\/"]}]},{"@type":"ImageObject","inLanguage":"en-US","@id":"https:\/\/www.witsrl.com\/prodotto\/hydra-bi-mix-3\/#primaryimage","url":"https:\/\/www.witsrl.com\/wp-content\/uploads\/2023\/06\/IMG_9181.jpg","contentUrl":"https:\/\/www.witsrl.com\/wp-content\/uploads\/2023\/06\/IMG_9181.jpg","width":1156,"height":1538,"caption":"HYDRA TURBO BI-MIX"},{"@type":"BreadcrumbList","@id":"https:\/\/www.witsrl.com\/prodotto\/hydra-bi-mix-3\/#breadcrumb","itemListElement":[{"@type":"ListItem","position":1,"name":"Home","item":"https:\/\/www.witsrl.com\/en\/airless-painting-airless-sprayers-and-advanced-painting-systems\/"},{"@type":"ListItem","position":2,"name":"Shop","item":"https:\/\/www.witsrl.com\/en\/shop-2\/"},{"@type":"ListItem","position":3,"name":"HYDRA BI-MIX"}]},{"@type":"WebSite","@id":"https:\/\/www.witsrl.com\/en\/#website","url":"https:\/\/www.witsrl.com\/en\/","name":"W.I.T. srl","description":"Verniciatura Airless","potentialAction":[{"@type":"SearchAction","target":{"@type":"EntryPoint","urlTemplate":"https:\/\/www.witsrl.com\/en\/?s={search_term_string}"},"query-input":{"@type":"PropertyValueSpecification","valueRequired":true,"valueName":"search_term_string"}}],"inLanguage":"en-US"}]}},"_links":{"self":[{"href":"https:\/\/www.witsrl.com\/en\/wp-json\/wp\/v2\/product\/6295","targetHints":{"allow":["GET"]}}],"collection":[{"href":"https:\/\/www.witsrl.com\/en\/wp-json\/wp\/v2\/product"}],"about":[{"href":"https:\/\/www.witsrl.com\/en\/wp-json\/wp\/v2\/types\/product"}],"replies":[{"embeddable":true,"href":"https:\/\/www.witsrl.com\/en\/wp-json\/wp\/v2\/comments?post=6295"}],"wp:featuredmedia":[{"embeddable":true,"href":"https:\/\/www.witsrl.com\/en\/wp-json\/wp\/v2\/media\/5097"}],"wp:attachment":[{"href":"https:\/\/www.witsrl.com\/en\/wp-json\/wp\/v2\/media?parent=6295"}],"wp:term":[{"taxonomy":"product_brand","embeddable":true,"href":"https:\/\/www.witsrl.com\/en\/wp-json\/wp\/v2\/product_brand?post=6295"},{"taxonomy":"product_cat","embeddable":true,"href":"https:\/\/www.witsrl.com\/en\/wp-json\/wp\/v2\/product_cat?post=6295"},{"taxonomy":"product_tag","embeddable":true,"href":"https:\/\/www.witsrl.com\/en\/wp-json\/wp\/v2\/product_tag?post=6295"}],"curies":[{"name":"wp","href":"https:\/\/api.w.org\/{rel}","templated":true}]}}