{"id":6290,"date":"2022-03-17T10:56:08","date_gmt":"2022-03-17T10:56:08","guid":{"rendered":"https:\/\/www.witsrl.com\/prodotto\/htp-44000-three-phase-electric-engine\/"},"modified":"2023-10-12T13:17:38","modified_gmt":"2023-10-12T13:17:38","slug":"htp-44000-three-phase-electric-engine","status":"publish","type":"product","link":"https:\/\/www.witsrl.com\/en\/prodotto\/htp-44000-three-phase-electric-engine\/","title":{"rendered":"HTP 44000 \u2013 THREE-PHASE ELECTRIC ENGINE"},"content":{"rendered":"<div class=\"wpb-content-wrapper\"><p>[vc_row][vc_column][vc_column_text uncode_shortcode_id=&#8221;292762&#8243;]<\/p>\n<h2>Hydraulic piston pump , 280 bar, 14.2 l \/ m, direct immersion, three-phase 400 V electric engine, complete with cart and line filter.<\/h2>\n<p>HTP 44000 is an airless hydraulic piston pump with three-phase 400 V electric engine. The feature that sets it apart is its powerful suction that allow to manage very viscous products. Designed for application across the thixotropic products in the building industry, for waterproofing, for the industrial carpentry, for fire retardants etc &#8230;<\/p>\n<p>Ideal for plasterers who want to use innovative walls plastering technology.<\/p>\n<p>HTP 44000 ensures maximum efficiency and a long service life.<\/p>\n<h2>Construction features:<\/h2>\n<p>All parts in contact with product are made of stainless steel for added security. HTP 44000 is designed for quick and easy maintenance. HTP 44000 MOTORE ELETTRICO \u00e8 stata progettata per una manutenzione facile e veloce.<\/p>\n<h2>Performances:<\/h2>\n<ul>\n<li>Ideal for large jobs.<\/li>\n<li>Slower and longer cycles for better durability.<\/li>\n<li>Ultra-high-volume hydraulic system for perfect performance even under the toughest working conditions.<\/li>\n<li>The cylinder and relief valve are screwed on by hand for faster and easier maintenance.<\/li>\n<li>chrome-plated pistons and cylinders.<\/li>\n<li>New self-regulating seal-packing system, that eliminates the problem of premature wear due to continuous manual adjustments.<\/li>\n<\/ul>\n<p><strong>The airless system<\/strong> allows a greater pulverization speed and a significant reduction in overspray, consequently a reduction in paint and solvent consumption.<br \/>\nA decrease in overspray reduces pollution with benefits to the operator and the environment.[\/vc_column_text][vc_column_text uncode_shortcode_id=&#8221;531168&#8243;]<\/p>\n<h2>Technical overview<\/h2>\n<p>[\/vc_column_text][vc_row_inner][vc_column_inner width=&#8221;1\/2&#8243;][vc_column_text uncode_shortcode_id=&#8221;380922&#8243;]<strong>AIRLESS PROCESS<\/strong><br \/>\nA piston pump takes in the coating material by suction and conveys it to the tip. Pressed through the tip at a pressure of up to a maximum of 280 bar, the coating material is atomised. This high pressure has the effect of micro fine atomization of the coating material. As no air is used in this process, it is described as an AIRLESS process. his method of spraying has the advantages of finest atomization, cloudless operation and a smooth, bubble-free surface.<\/p>\n<p>As well as these, the advantages of the speed of work and convenience must be mentioned. Oltre a questi, vanno menzionati i vantaggi della velocit\u00e0 di lavoro e della convenienza.[\/vc_column_text][vc_column_text uncode_shortcode_id=&#8221;634648&#8243;]<strong>AIRLESS PROCESS<\/strong><br \/>\nA piston pump takes in the coating material by suction and conveys it to the tip. Pressed through the tip at a pressure of up to a maximum of 280 bar, the coating material is atomised. This high pressure has the effect of micro fine atomization of the coating material. As no air is used in this process, it is described as an AIRLESS process. his method of spraying has the advantages of finest atomization, cloudless operation and a smooth, bubble-free surface.<\/p>\n<p>As well as these, the advantages of the speed of work and convenience must be mentioned. Oltre a questi, vanno menzionati i vantaggi della velocit\u00e0 di lavoro e della convenienza.[\/vc_column_text][vc_column_text uncode_shortcode_id=&#8221;200099&#8243;]<strong>VISCOSITY<\/strong><br \/>\nThe unit is able to process coating materials with up to 50.000 \/ 65.000 mPas. If highly viscous coating materials cannot be taken in or the performance of the unit is to low, the paint must be diluted in accordance with the manufacturer\u2018s instructions. Attention: Make sure, when stirring up with motor-driven agitators that no air bubbles are stirred in. Air bubbles disturb when spraying and can, in fact, lead to interruption of operation.[\/vc_column_text][vc_column_text uncode_shortcode_id=&#8221;158396&#8243;]<strong>TWO-COMPONENT COATING MATERIAL<\/strong><br \/>\nThe appropriate processing time must be adhered to exactly. Within this time rinse through and clean the unit meticulously with the appropriate cleaning agents. Entro questo tempo risciacquare e pulire l&#8217;unit\u00e0 meticolosamente con i detergenti appropriati.[\/vc_column_text][\/vc_column_inner][vc_column_inner width=&#8221;1\/2&#8243;][vc_column_text uncode_shortcode_id=&#8221;780538&#8243;]<strong>FUNCTIONING OF THE UNIT<\/strong><br \/>\nW.I.T. HTP Series are high-pressure spraying units driven by either a gasoline engine or electric motor.<br \/>\nThe gasoline engine or electric motor drives the hydraulic pump by means of a V-belt which is under the belt cover. Hydraulic oil flows to the hydraulic motor and then moves the piston up and down in the material feed pump. L&#8217;olio idraulico scorre verso il motore idraulico e quindi muove il pistone su e gi\u00f9 nella pompa di alimentazione del materiale. La valvola di aspirazione viene aperta automaticamente dal movimento verso l&#8217;alto del pistone. La valvola di scarico \u00e8 aperta quando il pistone si muove verso il basso.<\/p>\n<p>The pressure control valve controls the volume and the operating pressure of the coating material. When the coating material comes out of the &#8216;nozzle it atomizes.<\/p>\n<p>The pressure control valve controls the volume and operating pressure of the coating material.[\/vc_column_text][vc_column_text uncode_shortcode_id=&#8221;194827&#8243;]<strong>APPLICATION<\/strong><br \/>\nThe main area of application are thick layers of highly viscous coating material for large areas and a high consumption of material. Priming and final coating of large areas, sealing, impregnation, construction sanitation, fa\u00e7ade protection and renovation, rust protection and building protection, roof coating, roof sealing, concrete sanitation, as well as heavy corrosion protection. Primer e rivestimento finale di grandi superfici, impermeabilizzazione, impregnazione, risanamento di edifici, protezione e rinnovamento della facciata, protezione dalla ruggine e protezione degli edifici, rivestimento del tetto, impermeabilizzazione del tetto, risanamento del calcestruzzo e protezione dalla corrosione.[\/vc_column_text][vc_column_text uncode_shortcode_id=&#8221;196956&#8243;]<strong>COATING MATERIALS WITH ABRASIVE MATERIALS<\/strong><br \/>\nThese particles have a strong wear and tear effect on valves and tips, but also on the spray gun. This impairs the durability of these wearing parts considerably. Ci\u00f2 compromette la durata di queste parti che dovranno essere sostituite pi\u00f9 frequentemente.[\/vc_column_text][vc_column_text uncode_shortcode_id=&#8221;967165&#8243;]<strong>FILTERING<\/strong><br \/>\nSufficient filtering is required for fault-free operation. The unit is equipped with a suction filter, an insertion filter in the spray gun and a high pressure filter on the unit. Regular inspection of these filters for damage or soiling is urgently recommended. L&#8217;unit\u00e0 \u00e8 dotata di un filtro di aspirazione, un filtro nello pistola e un filtro ad alta pressione sull&#8217;unit\u00e0. Si raccomanda l&#8217;ispezione regolare di questi filtri per prevenire danni o sporco.[\/vc_column_text][\/vc_column_inner][\/vc_row_inner][\/vc_column][\/vc_row]<\/p>\n<\/div>","protected":false},"excerpt":{"rendered":"<p>[vc_row][vc_column][vc_column_text uncode_shortcode_id=&#8221;292762&#8243;] Hydraulic piston pump , 280 bar, 14.2 l \/ m, direct immersion, three-phase 400 V electric engine, complete [&hellip;]<\/p>\n","protected":false},"featured_media":5098,"comment_status":"closed","ping_status":"closed","template":"","meta":{"_acf_changed":false},"product_brand":[],"product_cat":[81,82],"product_tag":[],"class_list":{"0":"post-6290","1":"product","2":"type-product","3":"status-publish","4":"has-post-thumbnail","6":"product_cat-building-pumps","7":"product_cat-hydraulic-piston-airless-pumps","9":"first","10":"instock","11":"purchasable","12":"product-type-simple"},"acf":[],"yoast_head":"<!-- This site is optimized with the Yoast SEO plugin v27.3 - https:\/\/yoast.com\/product\/yoast-seo-wordpress\/ -->\n<title>HTP 44000 \u2013 THREE-PHASE ELECTRIC ENGINE - W.I.T. srl<\/title>\n<meta name=\"description\" content=\"The pressure control valve controls the volume and the operating pressure of the coating material. Inclusi carrello e filtro di linea.\" \/>\n<meta name=\"robots\" content=\"index, follow, max-snippet:-1, max-image-preview:large, max-video-preview:-1\" \/>\n<link rel=\"canonical\" href=\"https:\/\/www.witsrl.com\/en\/prodotto\/htp-44000-motore-elettrico-trifase\/\" \/>\n<meta property=\"og:locale\" content=\"en_US\" \/>\n<meta property=\"og:type\" content=\"article\" \/>\n<meta property=\"og:title\" content=\"HTP 44000 \u2013 THREE-PHASE ELECTRIC ENGINE - W.I.T. srl\" \/>\n<meta property=\"og:description\" content=\"The pressure control valve controls the volume and the operating pressure of the coating material. Inclusi carrello e filtro di linea.\" \/>\n<meta property=\"og:url\" content=\"https:\/\/www.witsrl.com\/prodotto\/htp-44000-motore-elettrico-trifase\/\" \/>\n<meta property=\"og:site_name\" content=\"W.I.T. srl\" \/>\n<meta property=\"article:modified_time\" content=\"2023-10-12T13:17:38+00:00\" \/>\n<meta property=\"og:image\" content=\"https:\/\/www.witsrl.com\/wp-content\/uploads\/2023\/06\/IMG_7110.jpg\" \/>\n\t<meta property=\"og:image:width\" content=\"824\" \/>\n\t<meta property=\"og:image:height\" content=\"1007\" \/>\n\t<meta property=\"og:image:type\" content=\"image\/jpeg\" \/>\n<meta name=\"twitter:card\" content=\"summary_large_image\" \/>\n<meta name=\"twitter:label1\" content=\"Est. reading time\" \/>\n\t<meta name=\"twitter:data1\" content=\"6 minutes\" \/>\n<script type=\"application\/ld+json\" class=\"yoast-schema-graph\">{\"@context\":\"https:\\\/\\\/schema.org\",\"@graph\":[{\"@type\":\"WebPage\",\"@id\":\"https:\\\/\\\/www.witsrl.com\\\/en\\\/prodotto\\\/htp-44000-three-phase-electric-engine\\\/\",\"url\":\"https:\\\/\\\/www.witsrl.com\\\/prodotto\\\/htp-44000-motore-elettrico-trifase\\\/\",\"name\":\"HTP 44000 \u2013 THREE-PHASE ELECTRIC ENGINE - W.I.T. srl\",\"isPartOf\":{\"@id\":\"https:\\\/\\\/www.witsrl.com\\\/en\\\/#website\"},\"primaryImageOfPage\":{\"@id\":\"https:\\\/\\\/www.witsrl.com\\\/prodotto\\\/htp-44000-motore-elettrico-trifase\\\/#primaryimage\"},\"image\":{\"@id\":\"https:\\\/\\\/www.witsrl.com\\\/prodotto\\\/htp-44000-motore-elettrico-trifase\\\/#primaryimage\"},\"thumbnailUrl\":\"https:\\\/\\\/www.witsrl.com\\\/wp-content\\\/uploads\\\/2023\\\/06\\\/IMG_7110.jpg\",\"datePublished\":\"2022-03-17T10:56:08+00:00\",\"dateModified\":\"2023-10-12T13:17:38+00:00\",\"description\":\"The pressure control valve controls the volume and the operating pressure of the coating material. Inclusi carrello e filtro di linea.\",\"breadcrumb\":{\"@id\":\"https:\\\/\\\/www.witsrl.com\\\/prodotto\\\/htp-44000-motore-elettrico-trifase\\\/#breadcrumb\"},\"inLanguage\":\"en-US\",\"potentialAction\":[{\"@type\":\"ReadAction\",\"target\":[\"https:\\\/\\\/www.witsrl.com\\\/prodotto\\\/htp-44000-motore-elettrico-trifase\\\/\"]}]},{\"@type\":\"ImageObject\",\"inLanguage\":\"en-US\",\"@id\":\"https:\\\/\\\/www.witsrl.com\\\/prodotto\\\/htp-44000-motore-elettrico-trifase\\\/#primaryimage\",\"url\":\"https:\\\/\\\/www.witsrl.com\\\/wp-content\\\/uploads\\\/2023\\\/06\\\/IMG_7110.jpg\",\"contentUrl\":\"https:\\\/\\\/www.witsrl.com\\\/wp-content\\\/uploads\\\/2023\\\/06\\\/IMG_7110.jpg\",\"width\":824,\"height\":1007,\"caption\":\"IMG_7110\"},{\"@type\":\"BreadcrumbList\",\"@id\":\"https:\\\/\\\/www.witsrl.com\\\/prodotto\\\/htp-44000-motore-elettrico-trifase\\\/#breadcrumb\",\"itemListElement\":[{\"@type\":\"ListItem\",\"position\":1,\"name\":\"Home\",\"item\":\"https:\\\/\\\/www.witsrl.com\\\/en\\\/airless-painting-airless-sprayers-and-advanced-painting-systems\\\/\"},{\"@type\":\"ListItem\",\"position\":2,\"name\":\"Shop\",\"item\":\"https:\\\/\\\/www.witsrl.com\\\/en\\\/shop-2\\\/\"},{\"@type\":\"ListItem\",\"position\":3,\"name\":\"HTP 44000 \u2013 THREE-PHASE ELECTRIC ENGINE\"}]},{\"@type\":\"WebSite\",\"@id\":\"https:\\\/\\\/www.witsrl.com\\\/en\\\/#website\",\"url\":\"https:\\\/\\\/www.witsrl.com\\\/en\\\/\",\"name\":\"W.I.T. srl\",\"description\":\"Verniciatura Airless\",\"potentialAction\":[{\"@type\":\"SearchAction\",\"target\":{\"@type\":\"EntryPoint\",\"urlTemplate\":\"https:\\\/\\\/www.witsrl.com\\\/en\\\/?s={search_term_string}\"},\"query-input\":{\"@type\":\"PropertyValueSpecification\",\"valueRequired\":true,\"valueName\":\"search_term_string\"}}],\"inLanguage\":\"en-US\"}]}<\/script>\n<!-- \/ Yoast SEO plugin. -->","yoast_head_json":{"title":"HTP 44000 \u2013 THREE-PHASE ELECTRIC ENGINE - W.I.T. srl","description":"The pressure control valve controls the volume and the operating pressure of the coating material. Inclusi carrello e filtro di linea.","robots":{"index":"index","follow":"follow","max-snippet":"max-snippet:-1","max-image-preview":"max-image-preview:large","max-video-preview":"max-video-preview:-1"},"canonical":"https:\/\/www.witsrl.com\/en\/prodotto\/htp-44000-motore-elettrico-trifase\/","og_locale":"en_US","og_type":"article","og_title":"HTP 44000 \u2013 THREE-PHASE ELECTRIC ENGINE - W.I.T. srl","og_description":"The pressure control valve controls the volume and the operating pressure of the coating material. Inclusi carrello e filtro di linea.","og_url":"https:\/\/www.witsrl.com\/prodotto\/htp-44000-motore-elettrico-trifase\/","og_site_name":"W.I.T. srl","article_modified_time":"2023-10-12T13:17:38+00:00","og_image":[{"width":824,"height":1007,"url":"https:\/\/www.witsrl.com\/wp-content\/uploads\/2023\/06\/IMG_7110.jpg","type":"image\/jpeg"}],"twitter_card":"summary_large_image","twitter_misc":{"Est. reading time":"6 minutes"},"schema":{"@context":"https:\/\/schema.org","@graph":[{"@type":"WebPage","@id":"https:\/\/www.witsrl.com\/en\/prodotto\/htp-44000-three-phase-electric-engine\/","url":"https:\/\/www.witsrl.com\/prodotto\/htp-44000-motore-elettrico-trifase\/","name":"HTP 44000 \u2013 THREE-PHASE ELECTRIC ENGINE - W.I.T. srl","isPartOf":{"@id":"https:\/\/www.witsrl.com\/en\/#website"},"primaryImageOfPage":{"@id":"https:\/\/www.witsrl.com\/prodotto\/htp-44000-motore-elettrico-trifase\/#primaryimage"},"image":{"@id":"https:\/\/www.witsrl.com\/prodotto\/htp-44000-motore-elettrico-trifase\/#primaryimage"},"thumbnailUrl":"https:\/\/www.witsrl.com\/wp-content\/uploads\/2023\/06\/IMG_7110.jpg","datePublished":"2022-03-17T10:56:08+00:00","dateModified":"2023-10-12T13:17:38+00:00","description":"The pressure control valve controls the volume and the operating pressure of the coating material. Inclusi carrello e filtro di linea.","breadcrumb":{"@id":"https:\/\/www.witsrl.com\/prodotto\/htp-44000-motore-elettrico-trifase\/#breadcrumb"},"inLanguage":"en-US","potentialAction":[{"@type":"ReadAction","target":["https:\/\/www.witsrl.com\/prodotto\/htp-44000-motore-elettrico-trifase\/"]}]},{"@type":"ImageObject","inLanguage":"en-US","@id":"https:\/\/www.witsrl.com\/prodotto\/htp-44000-motore-elettrico-trifase\/#primaryimage","url":"https:\/\/www.witsrl.com\/wp-content\/uploads\/2023\/06\/IMG_7110.jpg","contentUrl":"https:\/\/www.witsrl.com\/wp-content\/uploads\/2023\/06\/IMG_7110.jpg","width":824,"height":1007,"caption":"IMG_7110"},{"@type":"BreadcrumbList","@id":"https:\/\/www.witsrl.com\/prodotto\/htp-44000-motore-elettrico-trifase\/#breadcrumb","itemListElement":[{"@type":"ListItem","position":1,"name":"Home","item":"https:\/\/www.witsrl.com\/en\/airless-painting-airless-sprayers-and-advanced-painting-systems\/"},{"@type":"ListItem","position":2,"name":"Shop","item":"https:\/\/www.witsrl.com\/en\/shop-2\/"},{"@type":"ListItem","position":3,"name":"HTP 44000 \u2013 THREE-PHASE ELECTRIC ENGINE"}]},{"@type":"WebSite","@id":"https:\/\/www.witsrl.com\/en\/#website","url":"https:\/\/www.witsrl.com\/en\/","name":"W.I.T. srl","description":"Verniciatura Airless","potentialAction":[{"@type":"SearchAction","target":{"@type":"EntryPoint","urlTemplate":"https:\/\/www.witsrl.com\/en\/?s={search_term_string}"},"query-input":{"@type":"PropertyValueSpecification","valueRequired":true,"valueName":"search_term_string"}}],"inLanguage":"en-US"}]}},"_links":{"self":[{"href":"https:\/\/www.witsrl.com\/en\/wp-json\/wp\/v2\/product\/6290","targetHints":{"allow":["GET"]}}],"collection":[{"href":"https:\/\/www.witsrl.com\/en\/wp-json\/wp\/v2\/product"}],"about":[{"href":"https:\/\/www.witsrl.com\/en\/wp-json\/wp\/v2\/types\/product"}],"replies":[{"embeddable":true,"href":"https:\/\/www.witsrl.com\/en\/wp-json\/wp\/v2\/comments?post=6290"}],"wp:featuredmedia":[{"embeddable":true,"href":"https:\/\/www.witsrl.com\/en\/wp-json\/wp\/v2\/media\/5098"}],"wp:attachment":[{"href":"https:\/\/www.witsrl.com\/en\/wp-json\/wp\/v2\/media?parent=6290"}],"wp:term":[{"taxonomy":"product_brand","embeddable":true,"href":"https:\/\/www.witsrl.com\/en\/wp-json\/wp\/v2\/product_brand?post=6290"},{"taxonomy":"product_cat","embeddable":true,"href":"https:\/\/www.witsrl.com\/en\/wp-json\/wp\/v2\/product_cat?post=6290"},{"taxonomy":"product_tag","embeddable":true,"href":"https:\/\/www.witsrl.com\/en\/wp-json\/wp\/v2\/product_tag?post=6290"}],"curies":[{"name":"wp","href":"https:\/\/api.w.org\/{rel}","templated":true}]}}