{"id":6260,"date":"2023-08-01T10:23:16","date_gmt":"2023-08-01T10:23:16","guid":{"rendered":"https:\/\/www.witsrl.com\/prodotto\/hydra\/"},"modified":"2023-10-12T13:13:41","modified_gmt":"2023-10-12T13:13:41","slug":"hydra","status":"publish","type":"product","link":"https:\/\/www.witsrl.com\/en\/prodotto\/hydra\/","title":{"rendered":"HYDRA"},"content":{"rendered":"<div class=\"wpb-content-wrapper\"><p>[vc_row][vc_column column_width_percent=&#8221;100&#8243; gutter_size=&#8221;2&#8243; overlay_alpha=&#8221;50&#8243; shift_x=&#8221;0&#8243; shift_y=&#8221;0&#8243; shift_y_down=&#8221;0&#8243; z_index=&#8221;0&#8243; medium_width=&#8221;0&#8243; mobile_width=&#8221;0&#8243; width=&#8221;1\/1&#8243; uncode_shortcode_id=&#8221;147120&#8243;][vc_row_inner][vc_column_inner column_width_percent=&#8221;100&#8243; position_vertical=&#8221;middle&#8221; align_horizontal=&#8221;align_center&#8221; gutter_size=&#8221;3&#8243; style=&#8221;dark&#8221; back_image=&#8221;5091&#8243; back_position=&#8221;center center&#8221; overlay_alpha=&#8221;50&#8243; shift_x=&#8221;0&#8243; shift_y=&#8221;0&#8243; shift_y_down=&#8221;0&#8243; z_index=&#8221;0&#8243; medium_width=&#8221;0&#8243; mobile_width=&#8221;0&#8243; width=&#8221;1\/3&#8243; uncode_shortcode_id=&#8221;149489&#8243;][vc_empty_space empty_h=&#8221;2&#8243;][vc_icon icon=&#8221;fa fa-play&#8221; icon_color=&#8221;color-822062&#8243; background_style=&#8221;fa-rounded&#8221; uncode_shortcode_id=&#8221;226191&#8243; icon_color_type=&#8221;uncode-palette&#8221; media_lightbox=&#8221;5794&#8243;][\/vc_icon][vc_empty_space empty_h=&#8221;2&#8243;][\/vc_column_inner][vc_column_inner column_width_percent=&#8221;100&#8243; position_vertical=&#8221;middle&#8221; align_horizontal=&#8221;align_center&#8221; gutter_size=&#8221;3&#8243; style=&#8221;dark&#8221; back_image=&#8221;5092&#8243; overlay_alpha=&#8221;50&#8243; shift_x=&#8221;0&#8243; shift_y=&#8221;0&#8243; shift_y_down=&#8221;0&#8243; z_index=&#8221;0&#8243; medium_width=&#8221;0&#8243; mobile_width=&#8221;0&#8243; width=&#8221;1\/3&#8243; uncode_shortcode_id=&#8221;473786&#8243;][vc_empty_space empty_h=&#8221;2&#8243;][vc_icon icon=&#8221;fa fa-play&#8221; icon_color=&#8221;color-822062&#8243; background_style=&#8221;fa-rounded&#8221; uncode_shortcode_id=&#8221;720744&#8243; icon_color_type=&#8221;uncode-palette&#8221; media_lightbox=&#8221;5795&#8243;][\/vc_icon][vc_empty_space empty_h=&#8221;2&#8243;][\/vc_column_inner][vc_column_inner column_width_percent=&#8221;100&#8243; position_vertical=&#8221;middle&#8221; align_horizontal=&#8221;align_center&#8221; gutter_size=&#8221;3&#8243; style=&#8221;dark&#8221; back_image=&#8221;5093&#8243; overlay_alpha=&#8221;50&#8243; shift_x=&#8221;0&#8243; shift_y=&#8221;0&#8243; shift_y_down=&#8221;0&#8243; z_index=&#8221;0&#8243; medium_width=&#8221;0&#8243; mobile_width=&#8221;0&#8243; width=&#8221;1\/3&#8243; uncode_shortcode_id=&#8221;200125&#8243;][vc_empty_space empty_h=&#8221;2&#8243;][vc_icon icon=&#8221;fa fa-play&#8221; icon_color=&#8221;color-822062&#8243; background_style=&#8221;fa-rounded&#8221; uncode_shortcode_id=&#8221;191098&#8243; icon_color_type=&#8221;uncode-palette&#8221; media_lightbox=&#8221;5796&#8243;][\/vc_icon][vc_empty_space empty_h=&#8221;2&#8243;][\/vc_column_inner][\/vc_row_inner][vc_row_inner][vc_column_inner column_width_percent=&#8221;100&#8243; gutter_size=&#8221;1&#8243; overlay_alpha=&#8221;50&#8243; shift_x=&#8221;0&#8243; shift_y=&#8221;0&#8243; shift_y_down=&#8221;0&#8243; z_index=&#8221;0&#8243; medium_width=&#8221;0&#8243; mobile_width=&#8221;0&#8243; width=&#8221;1\/1&#8243; uncode_shortcode_id=&#8221;194082&#8243;][vc_custom_heading text_color=&#8221;color-175429&#8243; text_weight=&#8221;500&#8243; text_height=&#8221;fontheight-214188&#8243; uncode_shortcode_id=&#8221;198734&#8243; text_color_type=&#8221;uncode-palette&#8221;]Features[\/vc_custom_heading][vc_empty_space empty_h=&#8221;0&#8243;][vc_column_text uncode_shortcode_id=&#8221;348442&#8243;]HYDRA \u00e8 una pompa elettrica airless idraulica a pistone, progettata per la spruzzatura senza compromessi di tutti i prodotti tixotropici in edilizia, impermeabilizzazioni, carpenterie industriali, ecc. Ideale per i gessisti che intendono avvalersi delle nuova tecnologie di gessatura o stuccatura delle pareti. HYDRA garantisce la massima efficienza e una lunga durata. Il motore elettrico che comanda la pompa idraulica \u00e9 in classe H, vale a dire: il massimo della qualit\u00e0 e della sicurezza. Pu\u00f2 lavorare anche in condizioni gravose e con alte temperature ambientali. Un sistema automatico interrompe la corrente quando i limiti di sicurezza elettrici stanno per essere superati. Tutte le parti in contatto con il prodotto sono in acciaio inox e carburo di tungsteno per garantire una maggior sicurezza.[\/vc_column_text][\/vc_column_inner][\/vc_row_inner][vc_row_inner][vc_column_inner column_width_percent=&#8221;100&#8243; gutter_size=&#8221;1&#8243; overlay_alpha=&#8221;50&#8243; shift_x=&#8221;0&#8243; shift_y=&#8221;0&#8243; shift_y_down=&#8221;0&#8243; z_index=&#8221;0&#8243; medium_width=&#8221;0&#8243; mobile_width=&#8221;0&#8243; width=&#8221;1\/1&#8243; uncode_shortcode_id=&#8221;194082&#8243;][vc_custom_heading text_color=&#8221;color-175429&#8243; text_weight=&#8221;500&#8243; text_height=&#8221;fontheight-214188&#8243; uncode_shortcode_id=&#8221;174463&#8243; text_color_type=&#8221;uncode-palette&#8221;]Standard set up[\/vc_custom_heading][vc_empty_space empty_h=&#8221;0&#8243;][vc_column_text uncode_shortcode_id=&#8221;129989&#8243;]<\/p>\n<div class=\"product-table-accessori\">\n<div class=\"single-accessorio\"><img decoding=\"async\" class=\"alignnone wp-image-739\" src=\"https:\/\/witsrl.com\/wp-content\/uploads\/2023\/06\/Kit-tubo-alta-pressione-o-6-mm.jpg\" width=\"200\" height=\"200\" loading=\"lazy\" \/>high pressure hose \u00f8 6 mm, length 10 m. (ref. 060020)<\/div>\n<div class=\"single-accessorio\"><img decoding=\"async\" class=\"alignnone wp-image-739\" src=\"https:\/\/witsrl.com\/wp-content\/uploads\/2023\/06\/pistola-airless-W650TOP.jpg\" width=\"200\" height=\"200\" loading=\"lazy\" \/><br \/>\nairless gun W650TOP (ref. 077400)<\/div>\n<div class=\"single-accessorio\"><img decoding=\"async\" class=\"alignnone wp-image-739\" src=\"https:\/\/witsrl.com\/wp-content\/uploads\/2023\/06\/kit-ugello-autopulitore-completo.jpg\" width=\"200\" height=\"200\" loading=\"lazy\" \/><br \/>\nself cleaning tip c\/w seal and guard (ref. 69AXXX)<\/div>\n<\/div>\n<p>[\/vc_column_text][\/vc_column_inner][\/vc_row_inner][vc_row_inner][vc_column_inner column_width_percent=&#8221;100&#8243; gutter_size=&#8221;1&#8243; overlay_alpha=&#8221;50&#8243; shift_x=&#8221;0&#8243; shift_y=&#8221;0&#8243; shift_y_down=&#8221;0&#8243; z_index=&#8221;0&#8243; medium_width=&#8221;0&#8243; mobile_width=&#8221;0&#8243; width=&#8221;1\/1&#8243; uncode_shortcode_id=&#8221;194082&#8243;][vc_custom_heading text_color=&#8221;color-175429&#8243; text_weight=&#8221;500&#8243; text_height=&#8221;fontheight-214188&#8243; uncode_shortcode_id=&#8221;604625&#8243; text_color_type=&#8221;uncode-palette&#8221;]Applications[\/vc_custom_heading][vc_empty_space empty_h=&#8221;0&#8243;][vc_column_text uncode_shortcode_id=&#8221;574226&#8243;]Acrylic, Rustproofing, Bituminous Coatings, Elastomers, Emulsions, Fixatives, Funds, Plasters, Water-based paints, Fireproof Coatings, Waterproofing Coatings, Impregnating Coatings, Encapsulants Coatings, Self-leveling plaster, Premixed plaster, Intumescent, Insulators, Lacquers, Primer, Plasters, Epoxy resins, Fillers, Enamels, Ready-mix Plasters, Paints[\/vc_column_text][\/vc_column_inner][\/vc_row_inner][vc_row_inner][vc_column_inner column_width_percent=&#8221;100&#8243; gutter_size=&#8221;1&#8243; overlay_alpha=&#8221;50&#8243; shift_x=&#8221;0&#8243; shift_y=&#8221;0&#8243; shift_y_down=&#8221;0&#8243; z_index=&#8221;0&#8243; medium_width=&#8221;0&#8243; mobile_width=&#8221;0&#8243; width=&#8221;1\/1&#8243; uncode_shortcode_id=&#8221;194082&#8243;][vc_custom_heading text_color=&#8221;color-175429&#8243; text_weight=&#8221;500&#8243; text_height=&#8221;fontheight-214188&#8243; uncode_shortcode_id=&#8221;200407&#8243; text_color_type=&#8221;uncode-palette&#8221;]Application&#8217;s field[\/vc_custom_heading][vc_empty_space empty_h=&#8221;0&#8243;][vc_column_text uncode_shortcode_id=&#8221;970753&#8243;]Internal and External Painting \u2022 Plaster Application \u2022 Renovations \u2022 Waterproofing \u2022 Painting \u2022 Roof painting[\/vc_column_text][\/vc_column_inner][\/vc_row_inner][vc_row_inner][vc_column_inner column_width_percent=&#8221;100&#8243; gutter_size=&#8221;1&#8243; overlay_alpha=&#8221;50&#8243; shift_x=&#8221;0&#8243; shift_y=&#8221;0&#8243; shift_y_down=&#8221;0&#8243; z_index=&#8221;0&#8243; medium_width=&#8221;0&#8243; mobile_width=&#8221;0&#8243; width=&#8221;1\/1&#8243; uncode_shortcode_id=&#8221;194082&#8243;][vc_custom_heading text_color=&#8221;color-175429&#8243; text_weight=&#8221;500&#8243; text_height=&#8221;fontheight-214188&#8243; uncode_shortcode_id=&#8221;396350&#8243; text_color_type=&#8221;uncode-palette&#8221;]HYDRA series[\/vc_custom_heading][vc_empty_space empty_h=&#8221;0&#8243;][vc_column_text uncode_shortcode_id=&#8221;178844&#8243;]HYDRA series are new electric airless hydraulic piston pumps, high power, designed for spraying and injecting with no compromise all products used in building, mechanics, woodworkings, and carpentry. These really are very strong and reliable pumps . Sono apparecchiature che rappresentano il massimo in fatto di qualit\u00e0, prestazioni, robustezza ed affidabilit\u00e0.[\/vc_column_text][\/vc_column_inner][\/vc_row_inner][vc_row_inner][vc_column_inner column_width_percent=&#8221;100&#8243; gutter_size=&#8221;1&#8243; overlay_alpha=&#8221;50&#8243; shift_x=&#8221;0&#8243; shift_y=&#8221;0&#8243; shift_y_down=&#8221;0&#8243; z_index=&#8221;0&#8243; medium_width=&#8221;0&#8243; mobile_width=&#8221;0&#8243; width=&#8221;1\/1&#8243; uncode_shortcode_id=&#8221;194082&#8243;][vc_custom_heading text_color=&#8221;color-175429&#8243; text_weight=&#8221;500&#8243; text_height=&#8221;fontheight-214188&#8243; uncode_shortcode_id=&#8221;511639&#8243; text_color_type=&#8221;uncode-palette&#8221;]Technical overview[\/vc_custom_heading][vc_empty_space empty_h=&#8221;0&#8243;][\/vc_column_inner][\/vc_row_inner][vc_row_inner][vc_column_inner width=&#8221;1\/2&#8243;][vc_column_text uncode_shortcode_id=&#8221;289693&#8243;]<strong>AIRLESS PROCESS<\/strong><\/p>\n<p>A piston pump takes in the coating material by suction and conveys it to the tip. Pressed through the tip at a pressure of up to a maximum of 3300 PSI (228 bar, 22.8 MPa), the coating material is atomised. This high pressure has the effect of micro fine atomization of the coating material. As no air is used in this process, it is described as an AIRLESS process. This method of spraying has the advantages of finest atomization, cloudless operation and a smooth, bubble-free surface. As well as these, the advantages of the speed of work and convenience must be mentioned.[\/vc_column_text][vc_column_text uncode_shortcode_id=&#8221;815578&#8243;]<strong>APPLICATION <\/strong><\/p>\n<p>The main area of application are thick layers of highly viscous coating material for large areas and a high consumption of material. Priming and final coating of large areas, sealing, impregnation, construction sanitation, fa\u00e7ade protection and renovation, rust protection and building protection, roof coating, roof sealing, concrete sanitation, as well as heavy corrosion protection. Primer e rivestimento finale di grandi superfici, impermeabilizzazione, impregnazione, risanamento di edifici, protezione e rinnovamento della facciata, protezione dalla ruggine e protezione degli edifici, rivestimento del tetto, impermeabilizzazione del tetto, risanamento del calcestruzzo e protezione dalla corrosione.[\/vc_column_text][vc_column_text uncode_shortcode_id=&#8221;527528&#8243;]<strong>COATING MATERIALS WITH ABRASIVE MATERIALS <\/strong><\/p>\n<p>These particles have a strong wear and tear effect on valves and tips, but also on the spray gun. This impairs the durability of these wearing parts considerably. Ci\u00f2 compromette la durata di queste parti che dovranno essere sostituite pi\u00f9 frequentemente.[\/vc_column_text][vc_column_text uncode_shortcode_id=&#8221;625556&#8243;]<strong>FILTERING <\/strong><\/p>\n<p>Sufficient filtering is required for fault-free operation. The unit is equipped with a suction filter, an insertion filter in the spray gun and a high pressure filter on the unit. Regular inspection of these filters for damage or soiling is urgently recommended. L&#8217;unit\u00e0 \u00e8 dotata di un filtro di aspirazione, un filtro nello pistola e un filtro ad alta pressione sull&#8217;unit\u00e0. Si raccomanda l&#8217;ispezione regolare di questi filtri per prevenire danni o sporco.[\/vc_column_text][\/vc_column_inner][vc_column_inner width=&#8221;1\/2&#8243;][vc_column_text uncode_shortcode_id=&#8221;937159&#8243;]<strong>FUNCTIONING OF THE UNIT <\/strong><\/p>\n<p>W.I.T. HYDRA Series are high-pressure spraying units driven by either a gasoline engine or electric motor. The gasoline engine or electric motor drives the hydraulic pump by means of a V-belt which is under the belt cover. Hydraulic oil flows to the hydraulic motor and then moves the piston up and down in the material feed pump. The inlet valve is opened automatically by the upwards movement of the piston. The outlet valve is opened when the piston moves downward. The coating material flows under high pressure through the high-pressure hose to the spray gun. When the coating material exits from the tip it atomizes. The pressure control valve controls the volume and the operating pressure of the coating material.[\/vc_column_text][vc_column_text uncode_shortcode_id=&#8221;925595&#8243;]<strong>VISCOSITY <\/strong><\/p>\n<p>The unit is able to process coating materials with up to 50.000 \/ 65.000 mPas. If highly viscous coating materials cannot be taken in or the performance of the unit is to low, the paint must be diluted in accordance with the manufacturer\u2018s instructions. Attention: Make sure, when stirring up with motor-driven agitators that no air bubbles are stirred in. Air bubbles disturb when spraying and can, in fact, lead to interruption of operation.[\/vc_column_text][vc_column_text uncode_shortcode_id=&#8221;258905&#8243;]<strong>TWO-COMPONENT COATING MATERIAL <\/strong><\/p>\n<p>The appropriate processing time must be adhered to exactly. Within this time rinse through and clean the unit meticulously with the appropriate cleaning agents. Entro questo tempo risciacquare e pulire l&#8217;unit\u00e0 meticolosamente con i detergenti appropriati.[\/vc_column_text][\/vc_column_inner][\/vc_row_inner][\/vc_column][\/vc_row]<\/p>\n<\/div>","protected":false},"excerpt":{"rendered":"<p>[vc_row][vc_column column_width_percent=&#8221;100&#8243; gutter_size=&#8221;2&#8243; overlay_alpha=&#8221;50&#8243; shift_x=&#8221;0&#8243; shift_y=&#8221;0&#8243; shift_y_down=&#8221;0&#8243; z_index=&#8221;0&#8243; medium_width=&#8221;0&#8243; mobile_width=&#8221;0&#8243; width=&#8221;1\/1&#8243; uncode_shortcode_id=&#8221;147120&#8243;][vc_row_inner][vc_column_inner column_width_percent=&#8221;100&#8243; position_vertical=&#8221;middle&#8221; align_horizontal=&#8221;align_center&#8221; gutter_size=&#8221;3&#8243; style=&#8221;dark&#8221; back_image=&#8221;5091&#8243; back_position=&#8221;center center&#8221; [&hellip;]<\/p>\n","protected":false},"featured_media":5089,"comment_status":"open","ping_status":"closed","template":"","meta":{"_acf_changed":false},"product_brand":[],"product_cat":[81,82],"product_tag":[],"class_list":{"0":"post-6260","1":"product","2":"type-product","3":"status-publish","4":"has-post-thumbnail","6":"product_cat-building-pumps","7":"product_cat-hydraulic-piston-airless-pumps","9":"first","10":"instock","11":"shipping-taxable","12":"product-type-simple"},"acf":[],"yoast_head":"<!-- This site is optimized with the Yoast SEO plugin v27.4 - https:\/\/yoast.com\/product\/yoast-seo-wordpress\/ -->\n<title>HYDRA - W.I.T. srl<\/title>\n<meta name=\"description\" content=\"HYDRA is an innovative electric airless hydraulic piston pump specially designed for spraying a wide range of products used in areas such as construction, waterproofing and industrial carpentry.\" \/>\n<meta name=\"robots\" content=\"index, follow, max-snippet:-1, max-image-preview:large, max-video-preview:-1\" \/>\n<link rel=\"canonical\" href=\"https:\/\/www.witsrl.com\/en\/prodotto\/hydra\/\" \/>\n<meta property=\"og:locale\" content=\"en_US\" \/>\n<meta property=\"og:type\" content=\"article\" \/>\n<meta property=\"og:title\" content=\"HYDRA - W.I.T. srl\" \/>\n<meta property=\"og:description\" content=\"HYDRA is an innovative electric airless hydraulic piston pump specially designed for spraying a wide range of products used in areas such as construction, waterproofing and industrial carpentry.\" \/>\n<meta property=\"og:url\" content=\"https:\/\/www.witsrl.com\/prodotto\/hydra\/\" \/>\n<meta property=\"og:site_name\" content=\"W.I.T. srl\" \/>\n<meta property=\"article:modified_time\" content=\"2023-10-12T13:13:41+00:00\" \/>\n<meta property=\"og:image\" content=\"https:\/\/www.witsrl.com\/wp-content\/uploads\/2023\/06\/HYDRA.jpg\" \/>\n\t<meta property=\"og:image:width\" content=\"1217\" \/>\n\t<meta property=\"og:image:height\" content=\"1214\" \/>\n\t<meta property=\"og:image:type\" content=\"image\/jpeg\" \/>\n<meta name=\"twitter:card\" content=\"summary_large_image\" \/>\n<meta name=\"twitter:label1\" content=\"Est. reading time\" \/>\n\t<meta name=\"twitter:data1\" content=\"6 minutes\" \/>\n<script type=\"application\/ld+json\" class=\"yoast-schema-graph\">{\"@context\":\"https:\\\/\\\/schema.org\",\"@graph\":[{\"@type\":\"WebPage\",\"@id\":\"https:\\\/\\\/www.witsrl.com\\\/en\\\/prodotto\\\/hydra\\\/\",\"url\":\"https:\\\/\\\/www.witsrl.com\\\/prodotto\\\/hydra\\\/\",\"name\":\"HYDRA - W.I.T. srl\",\"isPartOf\":{\"@id\":\"https:\\\/\\\/www.witsrl.com\\\/en\\\/#website\"},\"primaryImageOfPage\":{\"@id\":\"https:\\\/\\\/www.witsrl.com\\\/prodotto\\\/hydra\\\/#primaryimage\"},\"image\":{\"@id\":\"https:\\\/\\\/www.witsrl.com\\\/prodotto\\\/hydra\\\/#primaryimage\"},\"thumbnailUrl\":\"https:\\\/\\\/www.witsrl.com\\\/wp-content\\\/uploads\\\/2023\\\/06\\\/HYDRA.jpg\",\"datePublished\":\"2023-08-01T10:23:16+00:00\",\"dateModified\":\"2023-10-12T13:13:41+00:00\",\"description\":\"HYDRA is an innovative electric airless hydraulic piston pump specially designed for spraying a wide range of products used in areas such as construction, waterproofing and industrial carpentry.\",\"breadcrumb\":{\"@id\":\"https:\\\/\\\/www.witsrl.com\\\/prodotto\\\/hydra\\\/#breadcrumb\"},\"inLanguage\":\"en-US\",\"potentialAction\":[{\"@type\":\"ReadAction\",\"target\":[\"https:\\\/\\\/www.witsrl.com\\\/prodotto\\\/hydra\\\/\"]}]},{\"@type\":\"ImageObject\",\"inLanguage\":\"en-US\",\"@id\":\"https:\\\/\\\/www.witsrl.com\\\/prodotto\\\/hydra\\\/#primaryimage\",\"url\":\"https:\\\/\\\/www.witsrl.com\\\/wp-content\\\/uploads\\\/2023\\\/06\\\/HYDRA.jpg\",\"contentUrl\":\"https:\\\/\\\/www.witsrl.com\\\/wp-content\\\/uploads\\\/2023\\\/06\\\/HYDRA.jpg\",\"width\":1217,\"height\":1214,\"caption\":\"HYDRA\"},{\"@type\":\"BreadcrumbList\",\"@id\":\"https:\\\/\\\/www.witsrl.com\\\/prodotto\\\/hydra\\\/#breadcrumb\",\"itemListElement\":[{\"@type\":\"ListItem\",\"position\":1,\"name\":\"Home\",\"item\":\"https:\\\/\\\/www.witsrl.com\\\/en\\\/airless-painting-airless-sprayers-and-advanced-painting-systems\\\/\"},{\"@type\":\"ListItem\",\"position\":2,\"name\":\"Shop\",\"item\":\"https:\\\/\\\/www.witsrl.com\\\/en\\\/shop-2\\\/\"},{\"@type\":\"ListItem\",\"position\":3,\"name\":\"HYDRA\"}]},{\"@type\":\"WebSite\",\"@id\":\"https:\\\/\\\/www.witsrl.com\\\/en\\\/#website\",\"url\":\"https:\\\/\\\/www.witsrl.com\\\/en\\\/\",\"name\":\"W.I.T. srl\",\"description\":\"Verniciatura Airless\",\"potentialAction\":[{\"@type\":\"SearchAction\",\"target\":{\"@type\":\"EntryPoint\",\"urlTemplate\":\"https:\\\/\\\/www.witsrl.com\\\/en\\\/?s={search_term_string}\"},\"query-input\":{\"@type\":\"PropertyValueSpecification\",\"valueRequired\":true,\"valueName\":\"search_term_string\"}}],\"inLanguage\":\"en-US\"}]}<\/script>\n<!-- \/ Yoast SEO plugin. -->","yoast_head_json":{"title":"HYDRA - W.I.T. srl","description":"HYDRA is an innovative electric airless hydraulic piston pump specially designed for spraying a wide range of products used in areas such as construction, waterproofing and industrial carpentry.","robots":{"index":"index","follow":"follow","max-snippet":"max-snippet:-1","max-image-preview":"max-image-preview:large","max-video-preview":"max-video-preview:-1"},"canonical":"https:\/\/www.witsrl.com\/en\/prodotto\/hydra\/","og_locale":"en_US","og_type":"article","og_title":"HYDRA - W.I.T. srl","og_description":"HYDRA is an innovative electric airless hydraulic piston pump specially designed for spraying a wide range of products used in areas such as construction, waterproofing and industrial carpentry.","og_url":"https:\/\/www.witsrl.com\/prodotto\/hydra\/","og_site_name":"W.I.T. srl","article_modified_time":"2023-10-12T13:13:41+00:00","og_image":[{"width":1217,"height":1214,"url":"https:\/\/www.witsrl.com\/wp-content\/uploads\/2023\/06\/HYDRA.jpg","type":"image\/jpeg"}],"twitter_card":"summary_large_image","twitter_misc":{"Est. reading time":"6 minutes"},"schema":{"@context":"https:\/\/schema.org","@graph":[{"@type":"WebPage","@id":"https:\/\/www.witsrl.com\/en\/prodotto\/hydra\/","url":"https:\/\/www.witsrl.com\/prodotto\/hydra\/","name":"HYDRA - W.I.T. srl","isPartOf":{"@id":"https:\/\/www.witsrl.com\/en\/#website"},"primaryImageOfPage":{"@id":"https:\/\/www.witsrl.com\/prodotto\/hydra\/#primaryimage"},"image":{"@id":"https:\/\/www.witsrl.com\/prodotto\/hydra\/#primaryimage"},"thumbnailUrl":"https:\/\/www.witsrl.com\/wp-content\/uploads\/2023\/06\/HYDRA.jpg","datePublished":"2023-08-01T10:23:16+00:00","dateModified":"2023-10-12T13:13:41+00:00","description":"HYDRA is an innovative electric airless hydraulic piston pump specially designed for spraying a wide range of products used in areas such as construction, waterproofing and industrial carpentry.","breadcrumb":{"@id":"https:\/\/www.witsrl.com\/prodotto\/hydra\/#breadcrumb"},"inLanguage":"en-US","potentialAction":[{"@type":"ReadAction","target":["https:\/\/www.witsrl.com\/prodotto\/hydra\/"]}]},{"@type":"ImageObject","inLanguage":"en-US","@id":"https:\/\/www.witsrl.com\/prodotto\/hydra\/#primaryimage","url":"https:\/\/www.witsrl.com\/wp-content\/uploads\/2023\/06\/HYDRA.jpg","contentUrl":"https:\/\/www.witsrl.com\/wp-content\/uploads\/2023\/06\/HYDRA.jpg","width":1217,"height":1214,"caption":"HYDRA"},{"@type":"BreadcrumbList","@id":"https:\/\/www.witsrl.com\/prodotto\/hydra\/#breadcrumb","itemListElement":[{"@type":"ListItem","position":1,"name":"Home","item":"https:\/\/www.witsrl.com\/en\/airless-painting-airless-sprayers-and-advanced-painting-systems\/"},{"@type":"ListItem","position":2,"name":"Shop","item":"https:\/\/www.witsrl.com\/en\/shop-2\/"},{"@type":"ListItem","position":3,"name":"HYDRA"}]},{"@type":"WebSite","@id":"https:\/\/www.witsrl.com\/en\/#website","url":"https:\/\/www.witsrl.com\/en\/","name":"W.I.T. srl","description":"Verniciatura Airless","potentialAction":[{"@type":"SearchAction","target":{"@type":"EntryPoint","urlTemplate":"https:\/\/www.witsrl.com\/en\/?s={search_term_string}"},"query-input":{"@type":"PropertyValueSpecification","valueRequired":true,"valueName":"search_term_string"}}],"inLanguage":"en-US"}]}},"_links":{"self":[{"href":"https:\/\/www.witsrl.com\/en\/wp-json\/wp\/v2\/product\/6260","targetHints":{"allow":["GET"]}}],"collection":[{"href":"https:\/\/www.witsrl.com\/en\/wp-json\/wp\/v2\/product"}],"about":[{"href":"https:\/\/www.witsrl.com\/en\/wp-json\/wp\/v2\/types\/product"}],"replies":[{"embeddable":true,"href":"https:\/\/www.witsrl.com\/en\/wp-json\/wp\/v2\/comments?post=6260"}],"wp:featuredmedia":[{"embeddable":true,"href":"https:\/\/www.witsrl.com\/en\/wp-json\/wp\/v2\/media\/5089"}],"wp:attachment":[{"href":"https:\/\/www.witsrl.com\/en\/wp-json\/wp\/v2\/media?parent=6260"}],"wp:term":[{"taxonomy":"product_brand","embeddable":true,"href":"https:\/\/www.witsrl.com\/en\/wp-json\/wp\/v2\/product_brand?post=6260"},{"taxonomy":"product_cat","embeddable":true,"href":"https:\/\/www.witsrl.com\/en\/wp-json\/wp\/v2\/product_cat?post=6260"},{"taxonomy":"product_tag","embeddable":true,"href":"https:\/\/www.witsrl.com\/en\/wp-json\/wp\/v2\/product_tag?post=6260"}],"curies":[{"name":"wp","href":"https:\/\/api.w.org\/{rel}","templated":true}]}}